{"id":576,"date":"2024-01-05T16:44:34","date_gmt":"2024-01-05T15:44:34","guid":{"rendered":"https:\/\/centrodeinvestigacion.com.ve\/?page_id=576"},"modified":"2024-01-05T16:44:34","modified_gmt":"2024-01-05T15:44:34","slug":"c-i-f-p-v-u","status":"publish","type":"page","link":"https:\/\/uptparia.edu.ve\/cifpvu\/c-i-f-p-v-u\/","title":{"rendered":"C.I.F.P.V.U"},"content":{"rendered":"\n<p>\u00a1Te invitamos a inscribirte en las clases multimodales impartidas en la <strong><a href=\"http:\/\/uptparia.edu.ve\" target=\"_blank\" rel=\"noopener\" title=\"\">UPTPARIA<\/a><\/strong>! Nuestra organizaci\u00f3n de tipo socio formativo y educativo a nivel universitario tiene como objetivo formar, adiestrar y capacitar a personas mediante cursos, charlas, talleres y conferencias acreditables con contenido de alto nivel cient\u00edfico y profesional universitario.<\/p>\n\n\n\n<p><strong>Contenido de alto nivel cient\u00edfico<\/strong><\/p>\n\n\n\n<p>Nuestros cursos est\u00e1n dise\u00f1ados para brindarte conocimientos actualizados y relevantes en diversas \u00e1reas cient\u00edficas. Trabajamos con reconocidos especialistas con amplia trayectoria nacional e internacional, lo que garantiza la calidad de la ense\u00f1anza y la actualizaci\u00f3n constante de los contenidos.<\/p>\n\n\n\n<p><strong>Modalidad multimodal<\/strong><\/p>\n\n\n\n<p>se adapta a diferentes estilos de aprendizaje. Esto significa que podr\u00e1s elegir el m\u00e9todo de aprendizaje que mejor se ajuste a tus preferencias, ya sea virtual, mixto y presencial. De esta manera, podr\u00e1s aprovechar al m\u00e1ximo tus habilidades y potenciar tu aprendizaje.<\/p>\n\n\n\n<p><strong>Acreditaci\u00f3n universitaria<\/strong><\/p>\n\n\n\n<p>Nuestros cursos son acreditables y otorgan un diploma de especializaci\u00f3n. Esto significa que podr\u00e1s obtener reconocimiento acad\u00e9mico por tu participaci\u00f3n y aprovechamiento de los contenidos.<\/p>\n\n\n\n<p><strong>Experiencia de formaci\u00f3n profesional<\/strong><\/p>\n\n\n\n<p>Al inscribirte en nuestras clases, tendr\u00e1s la oportunidad de adquirir habilidades y conocimientos que te ser\u00e1n \u00fatiles en tu vida profesional. Nuestra oferta acad\u00e9mica est\u00e1 dise\u00f1ada para brindarte una experiencia de formaci\u00f3n integral, que te prepare para enfrentar los desaf\u00edos del campo laboral.<\/p>\n\n\n\n<p><strong>Comunidad universitaria<\/strong><\/p>\n\n\n\n<p>Al formar parte de la <strong><a href=\"http:\/\/uptparia.edu.ve\" target=\"_blank\" rel=\"noopener\" title=\"\">UPTPARIA<\/a><\/strong>, tendr\u00e1s la oportunidad de conectarte con una comunidad universitaria diversa y enriquecedora. Podr\u00e1s establecer contactos con profesionales de diferentes \u00e1reas y ampliar tu red de contactos, lo que puede abrirte puertas a oportunidades futuras.<\/p>\n","protected":false},"excerpt":{"rendered":"<p>\u00a1Te invitamos a inscribirte en las clases multimodales impartidas en la UPTPARIA! Nuestra organizaci\u00f3n de tipo socio formativo y educativo a nivel universitario tiene como objetivo formar, adiestrar y capacitar a personas mediante cursos, charlas, talleres y conferencias acreditables con contenido de alto nivel cient\u00edfico y profesional universitario. Contenido de alto nivel cient\u00edfico Nuestros cursos [&hellip;]<\/p>\n","protected":false},"author":1,"featured_media":0,"parent":0,"menu_order":0,"comment_status":"closed","ping_status":"closed","template":"","meta":{"footnotes":""},"yoast_head":"<!-- This site is optimized with the Yoast SEO plugin v22.8 - https:\/\/yoast.com\/wordpress\/plugins\/seo\/ -->\n<title>C.I.F.P.V.U - CIFPVU<\/title>\n<meta name=\"robots\" content=\"noindex, follow, max-snippet:-1, max-image-preview:large, max-video-preview:-1\" \/>\n<meta property=\"og:locale\" content=\"es_ES\" \/>\n<meta property=\"og:type\" content=\"article\" \/>\n<meta property=\"og:title\" content=\"C.I.F.P.V.U - CIFPVU\" \/>\n<meta property=\"og:description\" content=\"\u00a1Te invitamos a inscribirte en las clases multimodales impartidas en la UPTPARIA! Nuestra organizaci\u00f3n de tipo socio formativo y educativo a nivel universitario tiene como objetivo formar, adiestrar y capacitar a personas mediante cursos, charlas, talleres y conferencias acreditables con contenido de alto nivel cient\u00edfico y profesional universitario. Contenido de alto nivel cient\u00edfico Nuestros cursos [&hellip;]\" \/>\n<meta property=\"og:url\" content=\"https:\/\/uptparia.edu.ve\/cifpvu\/c-i-f-p-v-u\/\" \/>\n<meta property=\"og:site_name\" content=\"CIFPVU\" \/>\n<meta name=\"twitter:card\" content=\"summary_large_image\" \/>\n<meta name=\"twitter:label1\" content=\"Tiempo estimado de lectura\" \/>\n\t<meta name=\"twitter:data1\" content=\"1 minuto\" \/>\n<script type=\"application\/ld+json\" class=\"yoast-schema-graph\">{\"@context\":\"https:\/\/schema.org\",\"@graph\":[{\"@type\":\"WebPage\",\"@id\":\"https:\/\/uptparia.edu.ve\/cifpvu\/c-i-f-p-v-u\/\",\"url\":\"https:\/\/uptparia.edu.ve\/cifpvu\/c-i-f-p-v-u\/\",\"name\":\"C.I.F.P.V.U - CIFPVU\",\"isPartOf\":{\"@id\":\"https:\/\/uptparia.edu.ve\/cifpvu\/#website\"},\"datePublished\":\"2024-01-05T15:44:34+00:00\",\"dateModified\":\"2024-01-05T15:44:34+00:00\",\"breadcrumb\":{\"@id\":\"https:\/\/uptparia.edu.ve\/cifpvu\/c-i-f-p-v-u\/#breadcrumb\"},\"inLanguage\":\"es\",\"potentialAction\":[{\"@type\":\"ReadAction\",\"target\":[\"https:\/\/uptparia.edu.ve\/cifpvu\/c-i-f-p-v-u\/\"]}]},{\"@type\":\"BreadcrumbList\",\"@id\":\"https:\/\/uptparia.edu.ve\/cifpvu\/c-i-f-p-v-u\/#breadcrumb\",\"itemListElement\":[{\"@type\":\"ListItem\",\"position\":1,\"name\":\"Portada\",\"item\":\"https:\/\/uptparia.edu.ve\/cifpvu\/\"},{\"@type\":\"ListItem\",\"position\":2,\"name\":\"C.I.F.P.V.U\"}]},{\"@type\":\"WebSite\",\"@id\":\"https:\/\/uptparia.edu.ve\/cifpvu\/#website\",\"url\":\"https:\/\/uptparia.edu.ve\/cifpvu\/\",\"name\":\"CIFPVU\",\"description\":\"\",\"potentialAction\":[{\"@type\":\"SearchAction\",\"target\":{\"@type\":\"EntryPoint\",\"urlTemplate\":\"https:\/\/uptparia.edu.ve\/cifpvu\/?s={search_term_string}\"},\"query-input\":\"required name=search_term_string\"}],\"inLanguage\":\"es\"}]}<\/script>\n<!-- \/ Yoast SEO plugin. -->","yoast_head_json":{"title":"C.I.F.P.V.U - CIFPVU","robots":{"index":"noindex","follow":"follow","max-snippet":"max-snippet:-1","max-image-preview":"max-image-preview:large","max-video-preview":"max-video-preview:-1"},"og_locale":"es_ES","og_type":"article","og_title":"C.I.F.P.V.U - CIFPVU","og_description":"\u00a1Te invitamos a inscribirte en las clases multimodales impartidas en la UPTPARIA! Nuestra organizaci\u00f3n de tipo socio formativo y educativo a nivel universitario tiene como objetivo formar, adiestrar y capacitar a personas mediante cursos, charlas, talleres y conferencias acreditables con contenido de alto nivel cient\u00edfico y profesional universitario. Contenido de alto nivel cient\u00edfico Nuestros cursos [&hellip;]","og_url":"https:\/\/uptparia.edu.ve\/cifpvu\/c-i-f-p-v-u\/","og_site_name":"CIFPVU","twitter_card":"summary_large_image","twitter_misc":{"Tiempo estimado de lectura":"1 minuto"},"schema":{"@context":"https:\/\/schema.org","@graph":[{"@type":"WebPage","@id":"https:\/\/uptparia.edu.ve\/cifpvu\/c-i-f-p-v-u\/","url":"https:\/\/uptparia.edu.ve\/cifpvu\/c-i-f-p-v-u\/","name":"C.I.F.P.V.U - CIFPVU","isPartOf":{"@id":"https:\/\/uptparia.edu.ve\/cifpvu\/#website"},"datePublished":"2024-01-05T15:44:34+00:00","dateModified":"2024-01-05T15:44:34+00:00","breadcrumb":{"@id":"https:\/\/uptparia.edu.ve\/cifpvu\/c-i-f-p-v-u\/#breadcrumb"},"inLanguage":"es","potentialAction":[{"@type":"ReadAction","target":["https:\/\/uptparia.edu.ve\/cifpvu\/c-i-f-p-v-u\/"]}]},{"@type":"BreadcrumbList","@id":"https:\/\/uptparia.edu.ve\/cifpvu\/c-i-f-p-v-u\/#breadcrumb","itemListElement":[{"@type":"ListItem","position":1,"name":"Portada","item":"https:\/\/uptparia.edu.ve\/cifpvu\/"},{"@type":"ListItem","position":2,"name":"C.I.F.P.V.U"}]},{"@type":"WebSite","@id":"https:\/\/uptparia.edu.ve\/cifpvu\/#website","url":"https:\/\/uptparia.edu.ve\/cifpvu\/","name":"CIFPVU","description":"","potentialAction":[{"@type":"SearchAction","target":{"@type":"EntryPoint","urlTemplate":"https:\/\/uptparia.edu.ve\/cifpvu\/?s={search_term_string}"},"query-input":"required name=search_term_string"}],"inLanguage":"es"}]}},"_links":{"self":[{"href":"https:\/\/uptparia.edu.ve\/cifpvu\/wp-json\/wp\/v2\/pages\/576"}],"collection":[{"href":"https:\/\/uptparia.edu.ve\/cifpvu\/wp-json\/wp\/v2\/pages"}],"about":[{"href":"https:\/\/uptparia.edu.ve\/cifpvu\/wp-json\/wp\/v2\/types\/page"}],"author":[{"embeddable":true,"href":"https:\/\/uptparia.edu.ve\/cifpvu\/wp-json\/wp\/v2\/users\/1"}],"replies":[{"embeddable":true,"href":"https:\/\/uptparia.edu.ve\/cifpvu\/wp-json\/wp\/v2\/comments?post=576"}],"version-history":[{"count":0,"href":"https:\/\/uptparia.edu.ve\/cifpvu\/wp-json\/wp\/v2\/pages\/576\/revisions"}],"wp:attachment":[{"href":"https:\/\/uptparia.edu.ve\/cifpvu\/wp-json\/wp\/v2\/media?parent=576"}],"curies":[{"name":"wp","href":"https:\/\/api.w.org\/{rel}","templated":true}]}}