{"id":1954,"date":"2024-06-04T05:02:44","date_gmt":"2024-06-04T03:02:44","guid":{"rendered":"https:\/\/uptparia.edu.ve\/proyectos\/?page_id=1954"},"modified":"2024-06-06T22:19:31","modified_gmt":"2024-06-07T02:19:31","slug":"documentacion-del-sistema","status":"publish","type":"page","link":"https:\/\/uptparia.edu.ve\/proyectos\/documentacion-del-sistema\/","title":{"rendered":"Documentaci\u00f3n del sistema"},"content":{"rendered":"\n<p class=\"has-text-align-center\">REP\u00daBLICA BOLIVARIANA DE VENEZUELA<br>MINISTERIO DEL PODER POPULAR PARA LA EDUCACI\u00d3N UNIVERSITARIA<br>UNIVERSIDAD POLIT\u00c9CNICA TERRITORIAL DE PARIA<br>\u201cLUIS MARIANO RIVERA\u201d<br>P.N.F. INGENIER\u00cdA EN INFORM\u00c1TICA TRAYECTO II<br><\/p>\n\n\n\n<p class=\"has-text-align-center\"><strong>Sistema Automatizado de Respaldo para los<br>Proyectos de Pregrado del Departamento de Procesamiento y<br>Distribuci\u00f3n de Alimentos de la UPTP \u201cLuis Mariano Rivera\u201d,<br>Car\u00fapano, Estado Sucre.<\/strong><\/p>\n\n\n\n<p class=\"has-text-align-center\"><br><strong>Nombre del Sistema: SAR \u2013 Proyectos Acad\u00e9micos<\/strong><br><\/p>\n\n\n\n<p>Tutor: Ing. Rauly Moreno <\/p>\n\n\n\n<p>Participantes: Roderick Aguilar &#8211; Nelson Fajardo- Domingo Aguilera &#8211; Eduardo Alcal\u00e1<br><\/p>\n\n\n\n<p>Car\u00fapano, Mayo de 2024<\/p>\n\n\n\n<p><\/p>\n\n\n\n<figure class=\"wp-block-pullquote\"><blockquote><p><strong>Informe<\/strong> <strong>primera Fase<\/strong> &#8211; 06\/06\/2024<br>En la actualidad en nuestra Universidad UPTPARIA \u201cLuis Mariano Rivera\u201d, los proyectos de pregrado juegan un papel fundamental en la formaci\u00f3n acad\u00e9mica y profesional de los estudiantes. Estos trabajos representan el culminar de a\u00f1os de estudio y constituyen un importante aporte al conocimiento y desarrollo en diversas \u00e1reas del saber. Por tal motivo nace la importancia de la preservaci\u00f3n de estos valiosos recursos acad\u00e9micos.<br><br>Uno de los principales problemas identificados es la falta de un sistema efectivo y automatizado para el respaldo y la conservaci\u00f3n de los proyectos de pregrado. Actualmente, el proceso de almacenamiento y respaldo de estos documentos se realiza de forma manual y descentralizada, lo que conlleva a la p\u00e9rdida de informaci\u00f3n, la dificultad en el acceso y la vulnerabilidad de los archivos ante posibles eventualidades, como deterioro ambiental.<br><br>Ante esta situaci\u00f3n, se plantea el desarrollo de un sistema automatizado de respaldo de los proyectos de pregrado de la Universidad UPTPARIA. Este sistema permitir\u00e1 organizar la informaci\u00f3n, garantizando la preservaci\u00f3n a largo plazo de estos valiosos recursos acad\u00e9micos. Adem\u00e1s, facilitar\u00e1 el acceso y la consulta de los proyectos por parte de la comunidad universitaria, fomentando la investigaci\u00f3n, el intercambio de conocimientos y la continuidad de los trabajos.<br><br>El objetivo principal de este proyecto es implementar una soluci\u00f3n tecnol\u00f3gica aplicando las TICs que optimice los procesos de respaldo, almacenamiento y gesti\u00f3n de los proyectos de pregrado de la Universidad UPTPARIA, contribuyendo as\u00ed a la conservaci\u00f3n del patrimonio acad\u00e9mico y documental de la instituci\u00f3n.<br><br>Realizando esta primera fase del proyecto se logr\u00f3 llegar a la Conclusi\u00f3n, en que la \u00a0preservaci\u00f3n \u00a0y el respaldo del 100% de estos valiosos recursos acad\u00e9micos, representa un desafi\u00f3 importante como estudiante, pero al mismo tiempo es la oportunidad para dejar una huella importante en nuestra casa de estudio, logrando mantener en el tiempo el esfuerzo de los estudiante en el desarrollo proyectos e investigaci\u00f3n dentro la universidad.<br><br>Recomendaciones<br>Nosotros podemos poner nuestro granito de arena para que nuestra universidad mejore y avance en el uso TICS para el manejo de la informaci\u00f3n de los proyectos realizados por los estudiantes de toda la universidad.<br><br>Referencias Bibliogr\u00e1ficas:<br>Antecedente Internacional Proyecto, Definici\u00f3n e Implementaci\u00f3n de un sistema de almacenamiento y respaldo de datos e informaci\u00f3n seguro para el servicio geol\u00f3gico de Colombia.<br>Visualizar ingresando a:\u00a0 <strong>Proyectos.uptparia.edu.ve<\/strong><\/p><cite>Roderick Aguilar Programador de la UPTParia y estudiante de Ing. Inform\u00e1tica. 06\/06\/2024<\/cite><\/blockquote><\/figure>\n\n\n\n<figure class=\"wp-block-pullquote\"><blockquote><p><strong>TICs<\/strong><br><br>Resumen sobre el uso de las TICs en el desarrollo de una herramienta tecnol\u00f3gica de respaldo de proyectos acad\u00e9micos.<br><br>Las Tecnolog\u00edas de la Informaci\u00f3n y Comunicaci\u00f3n (TICs) han tenido un impacto significativo en el \u00e1mbito acad\u00e9mico, transformando los procesos de ense\u00f1anza-aprendizaje, la gesti\u00f3n universitaria y la conservaci\u00f3n del conocimiento. En el caso espec\u00edfico del respaldo y la preservaci\u00f3n de proyectos acad\u00e9micos de pregrado, las TICs ofrecen soluciones tecnol\u00f3gicas que permiten optimizar y fortalecer estos procesos.<br><br>Un ejemplo de ello es el desarrollo de un sistema automatizado de respaldo de proyectos acad\u00e9micos en la Universidad UPTPARIA. Este sistema se basa en el uso de diversas herramientas y tecnolog\u00edas digitales que permiten centralizar, organizar y respaldar de manera eficiente los valiosos trabajos de grado realizados por los estudiantes.<br><br>En primer lugar, la implementaci\u00f3n de una plataforma de gesti\u00f3n de contenidos digitales, es la mejor manera de desarrollar las ventajas que nos ofrece las TICs, para poder romper las barreras que nos impide muchas veces que la informaci\u00f3n de valor acad\u00e9mico se distribuya a todas las personas sin discriminaci\u00f3n y accesible de manera gratuita.<br><br>Adem\u00e1s, el uso de tecnolog\u00edas de digitalizaci\u00f3n, como esc\u00e1neres de alta resoluci\u00f3n y c\u00e1mara de celular, permite la conversi\u00f3n de los documentos f\u00edsicos en formatos digitales, facilitando su respaldo, indexaci\u00f3n y consulta. Por otro lado, el empleo de servicios en la nube y sistemas de almacenamiento distribuido asegura la redundancia y la protecci\u00f3n de los archivos ante posibles eventualidades.<br><br>Finalmente, la integraci\u00f3n de herramientas de b\u00fasqueda y visualizaci\u00f3n de informaci\u00f3n, como motores de indexaci\u00f3n y sistemas de consulta, optimiza el acceso y la recuperaci\u00f3n de los proyectos almacenados, fomentando su uso y reutilizaci\u00f3n por parte de la comunidad acad\u00e9mica.<br><br>En resumen, las TICs desempe\u00f1an un papel fundamental en el desarrollo de soluciones tecnol\u00f3gicas para el respaldo y la preservaci\u00f3n de proyectos acad\u00e9micos en el entorno universitario. Estas herramientas digitales permiten centralizar, respaldar, conservar y facilitar el acceso a los valiosos recursos acad\u00e9micos producidos por los estudiantes, contribuyendo a la gesti\u00f3n del conocimiento y al fortalecimiento del patrimonio documental de la instituci\u00f3n.<\/p><cite>06\/06\/2024<\/cite><\/blockquote><\/figure>\n","protected":false},"excerpt":{"rendered":"<p>REP\u00daBLICA BOLIVARIANA DE VENEZUELAMINISTERIO DEL PODER POPULAR PARA LA EDUCACI\u00d3N UNIVERSITARIAUNIVERSIDAD POLIT\u00c9CNICA TERRITORIAL DE PARIA\u201cLUIS MARIANO RIVERA\u201dP.N.F. INGENIER\u00cdA EN INFORM\u00c1TICA TRAYECTO II Sistema Automatizado de Respaldo para losProyectos de Pregrado<\/p>\n<p><a href=\"https:\/\/uptparia.edu.ve\/proyectos\/documentacion-del-sistema\/\" class=\"av-btn av-btn-secondary av-btn-bubble\">leer mas&#8230;<span class=\"screen-reader-text\">Documentaci\u00f3n del sistema<\/span><i class=\"fa fa-arrow-right\"><\/i><span class=\"bubble_effect\"><span class=\"circle top-left\"><\/span><span class=\"circle top-left\"><\/span><span class=\"circle top-left\"><\/span><span class=\"button effect-button\"><\/span><span class=\"circle bottom-right\"><\/span><span class=\"circle bottom-right\"><\/span><span class=\"circle bottom-right\"><\/span><\/span><\/a><\/p>\n","protected":false},"author":1,"featured_media":0,"parent":0,"menu_order":0,"comment_status":"closed","ping_status":"closed","template":"","meta":{"iawp_total_views":204,"footnotes":""},"yoast_head":"<!-- This site is optimized with the Yoast SEO plugin v23.3 - https:\/\/yoast.com\/wordpress\/plugins\/seo\/ -->\n<title>Documentaci\u00f3n del sistema - Proyectos Academicos uptparia.edu.ve<\/title>\n<meta name=\"robots\" content=\"index, follow, max-snippet:-1, max-image-preview:large, max-video-preview:-1\" \/>\n<link rel=\"canonical\" href=\"https:\/\/uptparia.edu.ve\/proyectos\/documentacion-del-sistema\/\" \/>\n<meta property=\"og:locale\" content=\"es_ES\" \/>\n<meta property=\"og:type\" content=\"article\" \/>\n<meta property=\"og:title\" content=\"Documentaci\u00f3n del sistema - Proyectos Academicos uptparia.edu.ve\" \/>\n<meta property=\"og:description\" content=\"REP\u00daBLICA BOLIVARIANA DE VENEZUELAMINISTERIO DEL PODER POPULAR PARA LA EDUCACI\u00d3N UNIVERSITARIAUNIVERSIDAD POLIT\u00c9CNICA TERRITORIAL DE PARIA\u201cLUIS MARIANO RIVERA\u201dP.N.F. INGENIER\u00cdA EN INFORM\u00c1TICA TRAYECTO II Sistema Automatizado de Respaldo para losProyectos de Pregradoleer mas...Documentaci\u00f3n del sistema\" \/>\n<meta property=\"og:url\" content=\"https:\/\/uptparia.edu.ve\/proyectos\/documentacion-del-sistema\/\" \/>\n<meta property=\"og:site_name\" content=\"Proyectos Academicos uptparia.edu.ve\" \/>\n<meta property=\"article:modified_time\" content=\"2024-06-07T02:19:31+00:00\" \/>\n<meta name=\"twitter:card\" content=\"summary_large_image\" \/>\n<meta name=\"twitter:label1\" content=\"Tiempo estimado de lectura\" \/>\n\t<meta name=\"twitter:data1\" content=\"1 minuto\" \/>\n<script type=\"application\/ld+json\" class=\"yoast-schema-graph\">{\"@context\":\"https:\/\/schema.org\",\"@graph\":[{\"@type\":\"WebPage\",\"@id\":\"https:\/\/uptparia.edu.ve\/proyectos\/documentacion-del-sistema\/\",\"url\":\"https:\/\/uptparia.edu.ve\/proyectos\/documentacion-del-sistema\/\",\"name\":\"Documentaci\u00f3n del sistema - Proyectos Academicos uptparia.edu.ve\",\"isPartOf\":{\"@id\":\"https:\/\/uptparia.edu.ve\/proyectos\/#website\"},\"datePublished\":\"2024-06-04T03:02:44+00:00\",\"dateModified\":\"2024-06-07T02:19:31+00:00\",\"breadcrumb\":{\"@id\":\"https:\/\/uptparia.edu.ve\/proyectos\/documentacion-del-sistema\/#breadcrumb\"},\"inLanguage\":\"es\",\"potentialAction\":[{\"@type\":\"ReadAction\",\"target\":[\"https:\/\/uptparia.edu.ve\/proyectos\/documentacion-del-sistema\/\"]}]},{\"@type\":\"BreadcrumbList\",\"@id\":\"https:\/\/uptparia.edu.ve\/proyectos\/documentacion-del-sistema\/#breadcrumb\",\"itemListElement\":[{\"@type\":\"ListItem\",\"position\":1,\"name\":\"Portada\",\"item\":\"https:\/\/uptparia.edu.ve\/proyectos\/\"},{\"@type\":\"ListItem\",\"position\":2,\"name\":\"Documentaci\u00f3n del sistema\"}]},{\"@type\":\"WebSite\",\"@id\":\"https:\/\/uptparia.edu.ve\/proyectos\/#website\",\"url\":\"https:\/\/uptparia.edu.ve\/proyectos\/\",\"name\":\"Proyectos Academicos uptparia.edu.ve\",\"description\":\"Proyectos Acad\u00e9micos\",\"publisher\":{\"@id\":\"https:\/\/uptparia.edu.ve\/proyectos\/#organization\"},\"potentialAction\":[{\"@type\":\"SearchAction\",\"target\":{\"@type\":\"EntryPoint\",\"urlTemplate\":\"https:\/\/uptparia.edu.ve\/proyectos\/?s={search_term_string}\"},\"query-input\":\"required name=search_term_string\"}],\"inLanguage\":\"es\"},{\"@type\":\"Organization\",\"@id\":\"https:\/\/uptparia.edu.ve\/proyectos\/#organization\",\"name\":\"Proyectos Academicos uptparia.edu.ve\",\"url\":\"https:\/\/uptparia.edu.ve\/proyectos\/\",\"logo\":{\"@type\":\"ImageObject\",\"inLanguage\":\"es\",\"@id\":\"https:\/\/uptparia.edu.ve\/proyectos\/#\/schema\/logo\/image\/\",\"url\":\"https:\/\/uptparia.edu.ve\/proyectos\/wp-content\/uploads\/2024\/04\/xxIKBoCg8TOOvMjOEKJxTHTVSKMvdxVv3pjFyth2.png\",\"contentUrl\":\"https:\/\/uptparia.edu.ve\/proyectos\/wp-content\/uploads\/2024\/04\/xxIKBoCg8TOOvMjOEKJxTHTVSKMvdxVv3pjFyth2.png\",\"width\":768,\"height\":520,\"caption\":\"Proyectos Academicos uptparia.edu.ve\"},\"image\":{\"@id\":\"https:\/\/uptparia.edu.ve\/proyectos\/#\/schema\/logo\/image\/\"}}]}<\/script>\n<!-- \/ Yoast SEO plugin. -->","yoast_head_json":{"title":"Documentaci\u00f3n del sistema - Proyectos Academicos uptparia.edu.ve","robots":{"index":"index","follow":"follow","max-snippet":"max-snippet:-1","max-image-preview":"max-image-preview:large","max-video-preview":"max-video-preview:-1"},"canonical":"https:\/\/uptparia.edu.ve\/proyectos\/documentacion-del-sistema\/","og_locale":"es_ES","og_type":"article","og_title":"Documentaci\u00f3n del sistema - Proyectos Academicos uptparia.edu.ve","og_description":"REP\u00daBLICA BOLIVARIANA DE VENEZUELAMINISTERIO DEL PODER POPULAR PARA LA EDUCACI\u00d3N UNIVERSITARIAUNIVERSIDAD POLIT\u00c9CNICA TERRITORIAL DE PARIA\u201cLUIS MARIANO RIVERA\u201dP.N.F. INGENIER\u00cdA EN INFORM\u00c1TICA TRAYECTO II Sistema Automatizado de Respaldo para losProyectos de Pregradoleer mas...Documentaci\u00f3n del sistema","og_url":"https:\/\/uptparia.edu.ve\/proyectos\/documentacion-del-sistema\/","og_site_name":"Proyectos Academicos uptparia.edu.ve","article_modified_time":"2024-06-07T02:19:31+00:00","twitter_card":"summary_large_image","twitter_misc":{"Tiempo estimado de lectura":"1 minuto"},"schema":{"@context":"https:\/\/schema.org","@graph":[{"@type":"WebPage","@id":"https:\/\/uptparia.edu.ve\/proyectos\/documentacion-del-sistema\/","url":"https:\/\/uptparia.edu.ve\/proyectos\/documentacion-del-sistema\/","name":"Documentaci\u00f3n del sistema - Proyectos Academicos uptparia.edu.ve","isPartOf":{"@id":"https:\/\/uptparia.edu.ve\/proyectos\/#website"},"datePublished":"2024-06-04T03:02:44+00:00","dateModified":"2024-06-07T02:19:31+00:00","breadcrumb":{"@id":"https:\/\/uptparia.edu.ve\/proyectos\/documentacion-del-sistema\/#breadcrumb"},"inLanguage":"es","potentialAction":[{"@type":"ReadAction","target":["https:\/\/uptparia.edu.ve\/proyectos\/documentacion-del-sistema\/"]}]},{"@type":"BreadcrumbList","@id":"https:\/\/uptparia.edu.ve\/proyectos\/documentacion-del-sistema\/#breadcrumb","itemListElement":[{"@type":"ListItem","position":1,"name":"Portada","item":"https:\/\/uptparia.edu.ve\/proyectos\/"},{"@type":"ListItem","position":2,"name":"Documentaci\u00f3n del sistema"}]},{"@type":"WebSite","@id":"https:\/\/uptparia.edu.ve\/proyectos\/#website","url":"https:\/\/uptparia.edu.ve\/proyectos\/","name":"Proyectos Academicos uptparia.edu.ve","description":"Proyectos Acad\u00e9micos","publisher":{"@id":"https:\/\/uptparia.edu.ve\/proyectos\/#organization"},"potentialAction":[{"@type":"SearchAction","target":{"@type":"EntryPoint","urlTemplate":"https:\/\/uptparia.edu.ve\/proyectos\/?s={search_term_string}"},"query-input":"required name=search_term_string"}],"inLanguage":"es"},{"@type":"Organization","@id":"https:\/\/uptparia.edu.ve\/proyectos\/#organization","name":"Proyectos Academicos uptparia.edu.ve","url":"https:\/\/uptparia.edu.ve\/proyectos\/","logo":{"@type":"ImageObject","inLanguage":"es","@id":"https:\/\/uptparia.edu.ve\/proyectos\/#\/schema\/logo\/image\/","url":"https:\/\/uptparia.edu.ve\/proyectos\/wp-content\/uploads\/2024\/04\/xxIKBoCg8TOOvMjOEKJxTHTVSKMvdxVv3pjFyth2.png","contentUrl":"https:\/\/uptparia.edu.ve\/proyectos\/wp-content\/uploads\/2024\/04\/xxIKBoCg8TOOvMjOEKJxTHTVSKMvdxVv3pjFyth2.png","width":768,"height":520,"caption":"Proyectos Academicos uptparia.edu.ve"},"image":{"@id":"https:\/\/uptparia.edu.ve\/proyectos\/#\/schema\/logo\/image\/"}}]}},"_links":{"self":[{"href":"https:\/\/uptparia.edu.ve\/proyectos\/wp-json\/wp\/v2\/pages\/1954"}],"collection":[{"href":"https:\/\/uptparia.edu.ve\/proyectos\/wp-json\/wp\/v2\/pages"}],"about":[{"href":"https:\/\/uptparia.edu.ve\/proyectos\/wp-json\/wp\/v2\/types\/page"}],"author":[{"embeddable":true,"href":"https:\/\/uptparia.edu.ve\/proyectos\/wp-json\/wp\/v2\/users\/1"}],"replies":[{"embeddable":true,"href":"https:\/\/uptparia.edu.ve\/proyectos\/wp-json\/wp\/v2\/comments?post=1954"}],"version-history":[{"count":4,"href":"https:\/\/uptparia.edu.ve\/proyectos\/wp-json\/wp\/v2\/pages\/1954\/revisions"}],"predecessor-version":[{"id":1970,"href":"https:\/\/uptparia.edu.ve\/proyectos\/wp-json\/wp\/v2\/pages\/1954\/revisions\/1970"}],"wp:attachment":[{"href":"https:\/\/uptparia.edu.ve\/proyectos\/wp-json\/wp\/v2\/media?parent=1954"}],"curies":[{"name":"wp","href":"https:\/\/api.w.org\/{rel}","templated":true}]}}